{"id":10,"date":"2021-07-26T20:38:09","date_gmt":"2021-07-26T18:38:09","guid":{"rendered":"http:\/\/solitex.cz\/?page_id=10"},"modified":"2023-04-17T18:06:26","modified_gmt":"2023-04-17T16:06:26","slug":"home","status":"publish","type":"page","link":"https:\/\/solitex.cz\/","title":{"rendered":"\u00davod"},"content":{"rendered":"\n<div class=\"wp-block-cover alignfull\" style=\"min-height:1321px\"><span aria-hidden=\"true\" class=\"wp-block-cover__background has-neve-link-color-background-color has-background-dim-70 has-background-dim\"><\/span><img decoding=\"async\" loading=\"lazy\" width=\"4000\" height=\"2525\" class=\"wp-block-cover__image-background wp-image-478\" alt=\"\" src=\"https:\/\/solitex.cz\/wp-content\/uploads\/2021\/12\/pexels-s-migaj-747964.jpg\" style=\"object-position:50% 64%\" data-object-fit=\"cover\" data-object-position=\"50% 64%\"\/><div class=\"wp-block-cover__inner-container\">\n<div style=\"height:146px\" aria-hidden=\"true\" class=\"wp-block-spacer\"><\/div>\n\n\n<div class=\"n2_clear\"><ss3-force-full-width data-overflow-x=\"body\" data-horizontal-selector=\"body\"><div class=\"n2-section-smartslider fitvidsignore  n2_clear\" data-ssid=\"3\"><div id=\"n2-ss-3-align\" class=\"n2-ss-align\"><div class=\"n2-padding\"><div id=\"n2-ss-3\" data-creator=\"Smart Slider 3\" data-responsive=\"fullwidth\" class=\"n2-ss-slider n2-ow n2-has-hover n2notransition  \"><div class=\"n2-ss-slider-wrapper-inside\">\n        <div class=\"n2-ss-slider-1 n2_ss__touch_element n2-ow\">\n            <div class=\"n2-ss-slider-2 n2-ow\">\n                                                <div class=\"n2-ss-slider-3 n2-ow\">\n\n                    <div class=\"n2-ss-slide-backgrounds n2-ow-all\"><div class=\"n2-ss-slide-background\" data-public-id=\"1\" data-mode=\"fill\"><div data-color=\"RGBA(255,255,255,0)\" style=\"background-color: RGBA(255,255,255,0);\" class=\"n2-ss-slide-background-color\"><\/div><\/div><div class=\"n2-ss-slide-background\" data-public-id=\"2\" data-mode=\"fill\"><div data-color=\"RGBA(255,255,255,0)\" style=\"background-color: RGBA(255,255,255,0);\" class=\"n2-ss-slide-background-color\"><\/div><\/div><div class=\"n2-ss-slide-background\" data-public-id=\"3\" data-mode=\"fill\"><div data-color=\"RGBA(255,255,255,0)\" style=\"background-color: RGBA(255,255,255,0);\" class=\"n2-ss-slide-background-color\"><\/div><\/div><div class=\"n2-ss-slide-background\" data-public-id=\"4\" data-mode=\"fill\"><div data-color=\"RGBA(255,255,255,0)\" style=\"background-color: RGBA(255,255,255,0);\" class=\"n2-ss-slide-background-color\"><\/div><\/div><\/div>                    <div class=\"n2-ss-slider-4 n2-ow\">\n                        <svg xmlns=\"http:\/\/www.w3.org\/2000\/svg\" viewBox=\"0 0 1200 400\" data-related-device=\"desktopPortrait\" class=\"n2-ow n2-ss-preserve-size n2-ss-preserve-size--slider n2-ss-slide-limiter\"><\/svg><div data-first=\"1\" data-slide-duration=\"0\" data-id=\"7\" data-slide-public-id=\"1\" data-title=\"Slide\" class=\"n2-ss-slide n2-ow  n2-ss-slide-7\"><div role=\"note\" class=\"n2-ss-slide--focus\" tabindex=\"-1\">Slide<\/div><div class=\"n2-ss-layers-container n2-ss-slide-limiter n2-ow\"><div class=\"n2-ss-layer n2-ow n-uc-fRSp9E4gHqFX\" data-sstype=\"slide\" data-pm=\"default\"><div class=\"n2-ss-layer n2-ow n-uc-VJsnKtVkTIoC\" data-pm=\"default\" data-sstype=\"content\" data-hasbackground=\"0\"><div class=\"n2-ss-section-main-content n2-ss-layer-with-background n2-ss-layer-content n2-ow n-uc-VJsnKtVkTIoC-inner\"><div class=\"n2-ss-layer n2-ow n-uc-9fRufjbllbHw\" data-pm=\"normal\" data-sstype=\"layer\"><div id=\"n2-ss-3item1\" class=\"n2-font-577e3e94d392c80545fffaf7623e9404-hover   n2-ss-item-content n2-ss-text n2-ow\" style=\"display:block;\">Pot\u0159ebujete komplexn\u00ed \u0159e\u0161en\u00ed?<\/div><\/div><div class=\"n2-ss-layer n2-ow n-uc-35o9L5WwhG2i n2-ss-layer--auto\" data-pm=\"normal\" data-sstype=\"layer\"><div class=\"n2-ss-button-container n2-ss-item-content n2-ow n2-font-9e67b381cc476fb95e0f1ab80a39483a-link  n2-ss-nowrap n2-ss-button-container--non-full-width\"><a class=\"n2-style-99db6035e1346963cdc7b6130978fbac-heading  n2-ow \" href=\"https:\/\/solitex.cz\/index.php\/contact\/\"><div><div>KONTAKTUJTE N\u00c1S<\/div><\/div><\/a><\/div><\/div><\/div><\/div><\/div><\/div><\/div><div data-slide-duration=\"0\" data-id=\"8\" data-slide-public-id=\"2\" data-title=\"Slide\" class=\"n2-ss-slide n2-ow  n2-ss-slide-8\"><div role=\"note\" class=\"n2-ss-slide--focus\" tabindex=\"-1\">Slide<\/div><div class=\"n2-ss-layers-container n2-ss-slide-limiter n2-ow\"><div class=\"n2-ss-layer n2-ow n-uc-tAbCHm54ozKq\" data-sstype=\"slide\" data-pm=\"default\"><div class=\"n2-ss-layer n2-ow n-uc-IaaqzUdFMWYR\" data-pm=\"default\" data-sstype=\"content\" data-hasbackground=\"0\"><div class=\"n2-ss-section-main-content n2-ss-layer-with-background n2-ss-layer-content n2-ow n-uc-IaaqzUdFMWYR-inner\"><div class=\"n2-ss-layer n2-ow n-uc-dACfkbdKbpul\" data-pm=\"normal\" data-sstype=\"layer\"><div id=\"n2-ss-3item3\" class=\"n2-font-577e3e94d392c80545fffaf7623e9404-hover   n2-ss-item-content n2-ss-text n2-ow\" style=\"display:block;\">P\u0159em\u00fd\u0161l\u00edte o extern\u00ed spr\u00e1v\u011b sv\u00e9ho IT?<\/div><\/div><div class=\"n2-ss-layer n2-ow n-uc-nsbPAMeo4Mib n2-ss-layer--auto\" data-pm=\"normal\" data-sstype=\"layer\"><div class=\"n2-ss-button-container n2-ss-item-content n2-ow n2-font-176464dee0eea5b1ac11b21dab9b24d2-link  n2-ss-nowrap n2-ss-button-container--non-full-width\"><a class=\"n2-style-99db6035e1346963cdc7b6130978fbac-heading  n2-ow \" href=\"https:\/\/solitex.cz\/index.php\/contact\/\"><div><div>KONTAKTUJTE N\u00c1S<\/div><\/div><\/a><\/div><\/div><\/div><\/div><\/div><\/div><\/div><div data-slide-duration=\"0\" data-id=\"10\" data-slide-public-id=\"3\" data-title=\"Slide\" class=\"n2-ss-slide n2-ow  n2-ss-slide-10\"><div role=\"note\" class=\"n2-ss-slide--focus\" tabindex=\"-1\">Slide<\/div><div class=\"n2-ss-layers-container n2-ss-slide-limiter n2-ow\"><div class=\"n2-ss-layer n2-ow n-uc-hpudwlNsgmji\" data-sstype=\"slide\" data-pm=\"default\"><div class=\"n2-ss-layer n2-ow n-uc-odEA8xWzIWSv\" data-pm=\"default\" data-sstype=\"content\" data-hasbackground=\"0\"><div class=\"n2-ss-section-main-content n2-ss-layer-with-background n2-ss-layer-content n2-ow n-uc-odEA8xWzIWSv-inner\"><div class=\"n2-ss-layer n2-ow n-uc-P3uMKmfhlVsq\" data-pm=\"normal\" data-sstype=\"layer\"><div id=\"n2-ss-3item5\" class=\"n2-font-577e3e94d392c80545fffaf7623e9404-hover   n2-ss-item-content n2-ss-text n2-ow\" style=\"display:block;\">Jste si jist\u00ed, \u017ee m\u00e1te sv\u00e1 data v bezpe\u010d\u00ed?<\/div><\/div><div class=\"n2-ss-layer n2-ow n-uc-Azkh14Wmuxy4 n2-ss-layer--auto\" data-pm=\"normal\" data-sstype=\"layer\"><div class=\"n2-ss-button-container n2-ss-item-content n2-ow n2-font-176464dee0eea5b1ac11b21dab9b24d2-link  n2-ss-nowrap n2-ss-button-container--non-full-width\"><a class=\"n2-style-99db6035e1346963cdc7b6130978fbac-heading  n2-ow \" href=\"https:\/\/solitex.cz\/index.php\/contact\/\"><div><div>KONTAKTUJTE N\u00c1S<\/div><\/div><\/a><\/div><\/div><\/div><\/div><\/div><\/div><\/div><div data-slide-duration=\"0\" data-id=\"9\" data-slide-public-id=\"4\" data-title=\"Slide\" class=\"n2-ss-slide n2-ow  n2-ss-slide-9\"><div role=\"note\" class=\"n2-ss-slide--focus\" tabindex=\"-1\">Slide<\/div><div class=\"n2-ss-layers-container n2-ss-slide-limiter n2-ow\"><div class=\"n2-ss-layer n2-ow n-uc-mL3Q88ayUbqF\" data-sstype=\"slide\" data-pm=\"default\"><div class=\"n2-ss-layer n2-ow n-uc-1Q0HnI3Kt48k\" data-pm=\"default\" data-sstype=\"content\" data-hasbackground=\"0\"><div class=\"n2-ss-section-main-content n2-ss-layer-with-background n2-ss-layer-content n2-ow n-uc-1Q0HnI3Kt48k-inner\"><div class=\"n2-ss-layer n2-ow n-uc-KoakdZU1NUAE\" data-pm=\"normal\" data-sstype=\"layer\"><div id=\"n2-ss-3item7\" class=\"n2-font-577e3e94d392c80545fffaf7623e9404-hover   n2-ss-item-content n2-ss-text n2-ow\" style=\"display:block;\">F\u00e9rov\u00e9 a spolehliv\u00e9 \u0159e\u0161en\u00ed?<\/div><\/div><div class=\"n2-ss-layer n2-ow n-uc-UsyJnYL7Qn8Y n2-ss-layer--auto\" data-pm=\"normal\" data-sstype=\"layer\"><div class=\"n2-ss-button-container n2-ss-item-content n2-ow n2-font-176464dee0eea5b1ac11b21dab9b24d2-link  n2-ss-nowrap n2-ss-button-container--non-full-width\"><a class=\"n2-style-99db6035e1346963cdc7b6130978fbac-heading  n2-ow \" href=\"https:\/\/solitex.cz\/index.php\/contact\/\"><div><div>KONTAKTUJTE N\u00c1S<\/div><\/div><\/a><\/div><\/div><\/div><\/div><\/div><\/div><\/div>                    <\/div>\n\n                                    <\/div>\n            <\/div>\n        <\/div>\n        <div class=\"n2-ss-slider-controls n2-ss-slider-controls-absolute-left-center\"><div style=\"--widget-offset:15px;\" class=\"n2-ss-widget nextend-arrow n2-ow-all nextend-arrow-previous  nextend-arrow-animated-fade\" data-hide-mobileportrait=\"1\" id=\"n2-ss-3-arrow-previous\" role=\"button\" aria-label=\"previous arrow\" tabindex=\"0\"><img decoding=\"async\" loading=\"lazy\" width=\"32\" height=\"32\" class=\"skip-lazy\" data-skip-lazy=\"1\" src=\"data:image\/svg+xml;base64,PHN2ZyB3aWR0aD0iMzIiIGhlaWdodD0iMzIiIHZpZXdCb3g9IjAgMCAzMiAzMiIgeG1sbnM9Imh0dHA6Ly93d3cudzMub3JnLzIwMDAvc3ZnIj4KICAgIDxwYXRoIGQ9Ik0xMS40MzMgMTUuOTkyTDIyLjY5IDUuNzEyYy4zOTMtLjM5LjM5My0xLjAzIDAtMS40Mi0uMzkzLS4zOS0xLjAzLS4zOS0xLjQyMyAwbC0xMS45OCAxMC45NGMtLjIxLjIxLS4zLjQ5LS4yODUuNzYtLjAxNS4yOC4wNzUuNTYuMjg0Ljc3bDExLjk4IDEwLjk0Yy4zOTMuMzkgMS4wMy4zOSAxLjQyNCAwIC4zOTMtLjQuMzkzLTEuMDMgMC0xLjQybC0xMS4yNTctMTAuMjkiCiAgICAgICAgICBmaWxsPSIjZmZmZmZmIiBvcGFjaXR5PSIwLjgiIGZpbGwtcnVsZT0iZXZlbm9kZCIvPgo8L3N2Zz4=\" alt=\"previous arrow\"><\/div><\/div><div class=\"n2-ss-slider-controls n2-ss-slider-controls-absolute-right-center\"><div style=\"--widget-offset:15px;\" class=\"n2-ss-widget nextend-arrow n2-ow-all nextend-arrow-next  nextend-arrow-animated-fade\" data-hide-mobileportrait=\"1\" id=\"n2-ss-3-arrow-next\" role=\"button\" aria-label=\"next arrow\" tabindex=\"0\"><img decoding=\"async\" loading=\"lazy\" width=\"32\" height=\"32\" class=\"skip-lazy\" data-skip-lazy=\"1\" src=\"data:image\/svg+xml;base64,PHN2ZyB3aWR0aD0iMzIiIGhlaWdodD0iMzIiIHZpZXdCb3g9IjAgMCAzMiAzMiIgeG1sbnM9Imh0dHA6Ly93d3cudzMub3JnLzIwMDAvc3ZnIj4KICAgIDxwYXRoIGQ9Ik0xMC43MjIgNC4yOTNjLS4zOTQtLjM5LTEuMDMyLS4zOS0xLjQyNyAwLS4zOTMuMzktLjM5MyAxLjAzIDAgMS40MmwxMS4yODMgMTAuMjgtMTEuMjgzIDEwLjI5Yy0uMzkzLjM5LS4zOTMgMS4wMiAwIDEuNDIuMzk1LjM5IDEuMDMzLjM5IDEuNDI3IDBsMTIuMDA3LTEwLjk0Yy4yMS0uMjEuMy0uNDkuMjg0LS43Ny4wMTQtLjI3LS4wNzYtLjU1LS4yODYtLjc2TDEwLjcyIDQuMjkzeiIKICAgICAgICAgIGZpbGw9IiNmZmZmZmYiIG9wYWNpdHk9IjAuOCIgZmlsbC1ydWxlPSJldmVub2RkIi8+Cjwvc3ZnPg==\" alt=\"next arrow\"><\/div><\/div><\/div><\/div><ss3-loader><\/ss3-loader><\/div><\/div><div class=\"n2_clear\"><\/div><\/div><\/ss3-force-full-width><\/div>\n\n\n<div class=\"is-layout-flex wp-container-5 wp-block-columns\">\n<div class=\"is-layout-flow wp-block-column\"><div class=\"wp-block-image\">\n<figure class=\"aligncenter size-full is-resized\"><img decoding=\"async\" loading=\"lazy\" src=\"https:\/\/solitex.cz\/wp-content\/uploads\/2021\/07\/16609535321558965383-512.png\" alt=\"\" class=\"wp-image-60\" width=\"64\" height=\"64\"\/><\/figure><\/div>\n\n\n<p class=\"has-text-align-center has-nv-site-bg-color has-text-color\"><strong>KOMPLEXN\u00cd SPR\u00c1VA IT<\/strong><\/p>\n\n\n\n<p><\/p>\n\n\n\n<p class=\"has-text-align-center has-nv-site-bg-color has-text-color\">Nep\u0159etr\u017eit\u00e1 kontrola IT prost\u0159ed\u00ed v\u010detn\u011b kompletn\u00ed spr\u00e1vy, servisn\u00edho zabezpe\u010den\u00edm dod\u00e1vek vybaven\u00ed i spot\u0159ebn\u00edho materi\u00e1lu.<\/p>\n<\/div>\n\n\n\n<div class=\"is-layout-flow wp-block-column\"><div class=\"wp-block-image\">\n<figure class=\"aligncenter size-full is-resized\"><img decoding=\"async\" loading=\"lazy\" src=\"https:\/\/solitex.cz\/wp-content\/uploads\/2021\/07\/20273542721558965391-512.png\" alt=\"\" class=\"wp-image-58\" width=\"64\" height=\"64\"\/><\/figure><\/div>\n\n\n<p class=\"has-text-align-center has-nv-site-bg-color has-text-color\"><strong>KAMERY A P\u0158\u00cdSTUPOV\u00c9 SYST\u00c9MY<\/strong><\/p>\n\n\n\n<p class=\"has-text-align-center has-nv-site-bg-color has-text-color\">Nainstalujeme \u0159e\u0161en\u00ed kamerov\u00e9ho dohledu va\u0161eho domova, firmy nebo zbo\u017e\u00ed a zajist\u00edme n\u00e1vrh a konfiguraci celosv\u011btov\u011b nejspolehliv\u011bj\u0161\u00edho p\u0159\u00edstupov\u00e9ho syst\u00e9mu.<\/p>\n<\/div>\n\n\n\n<div class=\"is-layout-flow wp-block-column\"><div class=\"wp-block-image\">\n<figure class=\"aligncenter size-full is-resized\"><img decoding=\"async\" loading=\"lazy\" src=\"https:\/\/solitex.cz\/wp-content\/uploads\/2021\/07\/11271910001558965383-512.png\" alt=\"\" class=\"wp-image-64\" width=\"64\" height=\"64\"\/><\/figure><\/div>\n\n\n<p class=\"has-text-align-center has-nv-site-bg-color has-text-color\"><strong>POSOUZEN\u00cd AKTU\u00c1LN\u00cdHO STAVU A N\u00c1VRH \u0158E\u0160EN\u00cd OPTIMALIZACE <\/strong><\/p>\n\n\n\n<p class=\"has-text-align-center has-nv-site-bg-color has-text-color\">Nez\u00e1vazn\u011b se porozhl\u00e9dneme a posoud\u00edme, co by \u0161lo vylep\u0161it. Sami se na z\u00e1klad\u011b zpracovan\u00e9ho n\u00e1vrhu v klidu rozhodnete, co v\u0161e je pro v\u00e1s z nab\u00edzen\u00fdch vylep\u0161en\u00ed pr\u00e1v\u011b nejd\u016fle\u017ei\u0161t\u011bj\u0161\u00ed.<\/p>\n<\/div>\n\n\n\n<div class=\"is-layout-flow wp-block-column\"><div class=\"wp-block-image\">\n<figure class=\"aligncenter size-full is-resized\"><img decoding=\"async\" loading=\"lazy\" src=\"https:\/\/solitex.cz\/wp-content\/uploads\/2021\/07\/12422876571558965391-512.png\" alt=\"\" class=\"wp-image-63\" width=\"64\" height=\"64\"\/><\/figure><\/div>\n\n\n<p class=\"has-text-align-center has-nv-site-bg-color has-text-color\"><strong>CLOUDOV\u00c9 SLU\u017dBY<\/strong><\/p>\n\n\n\n<p><\/p>\n\n\n\n<p class=\"has-text-align-center has-nv-site-bg-color has-text-color\">Na z\u00e1klad\u011b na\u0161ich zku\u0161enost\u00ed doporu\u010d\u00edme a nainstalujeme nejspolehliv\u011bj\u0161\u00ed cloudov\u00e9 slu\u017eby zabezpe\u010den\u00ed dat nebo pr\u00e1ce v cloudov\u00fdch n\u00e1stroj\u00edch.<\/p>\n<\/div>\n<\/div>\n\n\n\n<div style=\"height:133px\" aria-hidden=\"true\" class=\"wp-block-spacer\"><\/div>\n<\/div><\/div>\n","protected":false},"excerpt":{"rendered":"","protected":false},"author":1,"featured_media":0,"parent":0,"menu_order":-1,"comment_status":"closed","ping_status":"closed","template":"","meta":{"neve_meta_sidebar":"","neve_meta_container":"","neve_meta_enable_content_width":"on","neve_meta_content_width":100,"neve_meta_title_alignment":"","neve_meta_author_avatar":"","neve_post_elements_order":"","neve_meta_disable_header":"","neve_meta_disable_footer":"","neve_meta_disable_title":"on"},"_links":{"self":[{"href":"https:\/\/solitex.cz\/index.php\/wp-json\/wp\/v2\/pages\/10"}],"collection":[{"href":"https:\/\/solitex.cz\/index.php\/wp-json\/wp\/v2\/pages"}],"about":[{"href":"https:\/\/solitex.cz\/index.php\/wp-json\/wp\/v2\/types\/page"}],"author":[{"embeddable":true,"href":"https:\/\/solitex.cz\/index.php\/wp-json\/wp\/v2\/users\/1"}],"replies":[{"embeddable":true,"href":"https:\/\/solitex.cz\/index.php\/wp-json\/wp\/v2\/comments?post=10"}],"version-history":[{"count":64,"href":"https:\/\/solitex.cz\/index.php\/wp-json\/wp\/v2\/pages\/10\/revisions"}],"predecessor-version":[{"id":623,"href":"https:\/\/solitex.cz\/index.php\/wp-json\/wp\/v2\/pages\/10\/revisions\/623"}],"wp:attachment":[{"href":"https:\/\/solitex.cz\/index.php\/wp-json\/wp\/v2\/media?parent=10"}],"curies":[{"name":"wp","href":"https:\/\/api.w.org\/{rel}","templated":true}]}}