{"id":355,"date":"2021-11-29T21:02:30","date_gmt":"2021-11-29T20:02:30","guid":{"rendered":"https:\/\/solitex.cz\/?page_id=355"},"modified":"2021-12-26T11:55:25","modified_gmt":"2021-12-26T10:55:25","slug":"reference","status":"publish","type":"page","link":"https:\/\/solitex.cz\/index.php\/reference\/","title":{"rendered":"Reference"},"content":{"rendered":"\n<div class=\"wp-block-cover alignfull has-neve-link-hover-color-background-color has-background-dim\" style=\"min-height:125px\"><div class=\"wp-block-cover__inner-container\">\n<div class=\"is-layout-flow wp-block-group\"><div class=\"wp-block-group__inner-container\">\n<p><\/p>\n<\/div><\/div>\n\n\n\n<p><\/p>\n<\/div><\/div>\n\n\n\n<div class=\"wp-block-cover alignfull has-nv-site-bg-background-color has-background-dim\" style=\"min-height:409px\"><div class=\"wp-block-cover__inner-container\">\n<div style=\"height:20px\" aria-hidden=\"true\" class=\"wp-block-spacer\"><\/div>\n\n\n\n<div class=\"is-layout-flex wp-container-4 wp-block-columns\">\n<div class=\"is-layout-flow wp-block-column\">\n<h3 class=\"has-text-align-center has-neve-text-color-color has-text-color\"><\/h3>\n\n\n\n<p class=\"has-text-align-center has-neve-text-color-color has-text-color\" style=\"font-size:15px\">\u201eVz\u00e1cn\u00e1 p\u0159\u00edle\u017eitost spolupracovat s lidmi jako je&nbsp;M\u00edra Otta ze spole\u010dnosti SOLITEX technologies. Talentovan\u00fd, organizovan\u00fd, skv\u011ble se s n\u00edm pracuje! Postaral se n\u00e1m o bezchybn\u00e9 procesy spojen\u00e9 s u\u017e\u00edv\u00e1n\u00edm technologi\u00ed. Porad\u00ed a va\u0161e probl\u00e9my vy\u0159e\u0161\u00ed s laskav\u00fdm p\u0159\u00edstupem a i ne\u010dekan\u00fdm nad\u0161en\u00edm, dok\u00e1\u017ee zvl\u00e1dnout a pov\u00fd\u0161it \u00fasil\u00ed na dal\u0161\u00ed \u00farove\u0148! Moc d\u011bkujeme.\u201c<\/p>\n\n\n\n<p class=\"has-text-align-center has-neve-text-color-color has-text-color\" style=\"font-size:15px\">Karel Proch\u00e1zka, za agenturu Eventum<\/p>\n\n\n\n<p><\/p>\n<\/div>\n\n\n\n<div class=\"is-layout-flow wp-block-column\">\n<div class=\"wp-block-image icon-style is-style-rounded\"><figure class=\"aligncenter size-full\"><img decoding=\"async\" loading=\"lazy\" width=\"150\" height=\"150\" src=\"https:\/\/solitex.cz\/wp-content\/uploads\/2021\/11\/Eventum_logo-e1417096976509-1.jpg\" alt=\"\" class=\"wp-image-367\"\/><\/figure><\/div>\n\n\n\n<h3 class=\"has-text-align-center has-neve-text-color-color has-text-color\">agentura Eventum<\/h3>\n<\/div>\n<\/div>\n<\/div><\/div>\n\n\n\n<div class=\"wp-block-cover alignfull has-nv-light-bg-background-color has-background-dim\" style=\"min-height:409px\"><div class=\"wp-block-cover__inner-container\">\n<div style=\"height:20px\" aria-hidden=\"true\" class=\"wp-block-spacer\"><\/div>\n\n\n\n<div class=\"is-layout-flex wp-container-7 wp-block-columns\">\n<div class=\"is-layout-flow wp-block-column\">\n<div class=\"wp-block-image icon-style is-style-rounded\"><figure class=\"aligncenter size-full\"><img decoding=\"async\" loading=\"lazy\" width=\"214\" height=\"121\" src=\"https:\/\/solitex.cz\/wp-content\/uploads\/2021\/10\/logo_petrinske-terasy.png\" alt=\"\" class=\"wp-image-356\"\/><\/figure><\/div>\n\n\n\n<h3 class=\"has-text-align-center has-neve-text-color-color has-text-color\">restaurace Pet\u0159\u00ednsk\u00e9 terasy<\/h3>\n\n\n\n<p class=\"has-text-align-center has-neve-text-color-color has-text-color\" style=\"font-size:15px\"><\/p>\n\n\n\n<p><\/p>\n<\/div>\n\n\n\n<div class=\"is-layout-flow wp-block-column\">\n<h3 class=\"has-text-align-center has-neve-text-color-color has-text-color\"><\/h3>\n\n\n\n<p class=\"has-text-align-center has-neve-text-color-color has-text-color\" style=\"font-size:15px\">\u201eNa dlouholetou spolupr\u00e1ci nav\u00e1zala firma SOLITEX technologies a pro m\u011b st\u00e1le spolehliv\u00e1 a perfektn\u00ed spr\u00e1va IT. S t\u00edm spojen\u00e9 novinky jsou pro mne \u010dasto obt\u00ed\u017en\u011b srozumiteln\u00e9 pro spr\u00e1vn\u00e9 rozhodnut\u00ed, jsem r\u00e1d za mo\u017enost spolupracovat s n\u011bk\u00fdm, kdo mi doporu\u010d\u00ed nejlep\u0161\u00ed \u0159e\u0161en\u00ed, kter\u00e9 se zat\u00edm v\u017edy osv\u011bd\u010dilo.\u201c<\/p>\n\n\n\n<p class=\"has-text-align-center has-neve-text-color-color has-text-color\">V\u00e1clav Kaftan, majitel restaurace<\/p>\n<\/div>\n<\/div>\n<\/div><\/div>\n\n\n\n<div class=\"wp-block-cover alignfull has-nv-site-bg-background-color has-background-dim\" style=\"min-height:409px\"><div class=\"wp-block-cover__inner-container\">\n<div style=\"height:20px\" aria-hidden=\"true\" class=\"wp-block-spacer\"><\/div>\n\n\n\n<div class=\"is-layout-flex wp-container-10 wp-block-columns\">\n<div class=\"is-layout-flow wp-block-column\">\n<h3 class=\"has-text-align-center has-neve-text-color-color has-text-color\"><\/h3>\n\n\n\n<p class=\"has-text-align-center has-neve-text-color-color has-text-color\" style=\"font-size:15px\">\u201eDoporu\u010duji spolupr\u00e1ci se spole\u010dnost\u00ed SOLITEX technologies, kterou zastupoval Miroslav Otta. Vy\u0159e\u0161\u00ed v\u0161e, co v\u00e1s p\u00e1l\u00ed okolo IT, optimalizace atd. Krom\u011b profesion\u00e1ln\u00edch zku\u0161enost\u00ed a inova\u010dn\u00edch technologi\u00ed v\u00e1m opravdu naslouchaj\u00ed, vysv\u011btluj\u00ed a nab\u00edz\u00ed \u0159e\u0161en\u00ed na m\u00edru. Nav\u00edc si v\u00e1\u017e\u00edm Mirkova lidsk\u00e9ho a profesion\u00e1ln\u00edho p\u0159\u00edstupu. A zkou\u0161eli jste to vypnout a zapnout?! : -)\u201c<\/p>\n\n\n\n<p class=\"has-text-align-center has-neve-text-color-color has-text-color\" style=\"font-size:15px\">Blanka Z\u00edkov\u00e1, managing director<\/p>\n\n\n\n<p><\/p>\n<\/div>\n\n\n\n<div class=\"is-layout-flow wp-block-column\">\n<div class=\"wp-block-image icon-style is-style-rounded\"><figure class=\"aligncenter size-full\"><img decoding=\"async\" loading=\"lazy\" width=\"86\" height=\"163\" src=\"https:\/\/solitex.cz\/wp-content\/uploads\/2021\/10\/ljk.png\" alt=\"\" class=\"wp-image-357\"\/><\/figure><\/div>\n\n\n\n<h3 class=\"has-text-align-center has-neve-text-color-color has-text-color\">person\u00e1ln\u00ed agentura Lid\u00e9 jsou kl\u00ed\u010d<\/h3>\n<\/div>\n<\/div>\n<\/div><\/div>\n\n\n\n<div class=\"wp-block-cover alignfull has-nv-dark-bg-background-color has-background-dim\" style=\"min-height:400px\"><div class=\"wp-block-cover__inner-container\">\n<div class=\"is-layout-flow wp-block-group\"><div class=\"wp-block-group__inner-container\">\n<div style=\"height:25px\" aria-hidden=\"true\" class=\"wp-block-spacer\"><\/div>\n\n\n\n<h2 class=\"has-text-align-center has-nv-text-dark-bg-color has-text-color\">P\u0159ipojte se k na\u0161im z\u00e1kazn\u00edk\u016fm<\/h2>\n\n\n\n<div class=\"is-layout-flex wp-container-16 wp-block-columns\">\n<div class=\"is-layout-flow wp-block-column is-vertically-aligned-center\" style=\"flex-basis:50%\">\n<h3 class=\"has-nv-site-bg-color has-text-color\">Napi\u0161te n\u00e1m<\/h3>\n\n\n\n[bestwebsoft_contact_form]\n<\/div>\n\n\n\n<div class=\"is-layout-flow wp-block-column is-vertically-aligned-center\" style=\"flex-basis:50%\">\n<figure class=\"wp-block-image size-full\"><img decoding=\"async\" loading=\"lazy\" width=\"877\" height=\"204\" src=\"https:\/\/solitex.cz\/wp-content\/uploads\/2021\/08\/prov-1.png\" alt=\"\" class=\"wp-image-114\"\/><\/figure>\n\n\n\n<div class=\"is-layout-flex wp-container-14 wp-block-columns\">\n<div class=\"is-layout-flow wp-block-column\" style=\"flex-basis:33.33%\"><div class=\"wp-block-site-logo\"><a href=\"https:\/\/solitex.cz\/\" class=\"custom-logo-link\" rel=\"home\"><img loading=\"lazy\" width=\"150\" height=\"51\" src=\"https:\/\/solitex.cz\/wp-content\/uploads\/2021\/07\/white.png\" class=\"custom-logo\" alt=\"SOLITEX technologies\" decoding=\"async\" \/><\/a><\/div><\/div>\n\n\n\n<div class=\"is-layout-flow wp-block-column\" style=\"flex-basis:66.66%\">\n<p class=\"has-nv-text-dark-bg-color has-text-color\">Hroznatova 773\/3<\/p>\n\n\n\n<p class=\"has-nv-text-dark-bg-color has-text-color\">353 01   Mari\u00e1nsk\u00e9 L\u00e1zn\u011b &#8211; \u00da\u0161ovice<\/p>\n<\/div>\n<\/div>\n<\/div>\n<\/div>\n\n\n\n<p><\/p>\n<\/div><\/div>\n\n\n\n<div class=\"is-layout-flex wp-container-21 wp-block-columns alignfull are-vertically-aligned-center\">\n<div class=\"is-layout-flow wp-block-column\"><\/div>\n\n\n\n<div class=\"is-layout-flow wp-block-column\">\n\n\n<p><\/p>\n<\/div>\n\n\n\n<div class=\"is-layout-flow wp-block-column\"><\/div>\n<\/div>\n\n\n\n<p><\/p>\n<\/div><\/div>\n\n\n\n<p><\/p>\n","protected":false},"excerpt":{"rendered":"","protected":false},"author":1,"featured_media":0,"parent":0,"menu_order":0,"comment_status":"closed","ping_status":"closed","template":"","meta":{"neve_meta_sidebar":"","neve_meta_container":"","neve_meta_enable_content_width":"on","neve_meta_content_width":100,"neve_meta_title_alignment":"center","neve_meta_author_avatar":"","neve_post_elements_order":"","neve_meta_disable_header":"","neve_meta_disable_footer":"","neve_meta_disable_title":"on"},"_links":{"self":[{"href":"https:\/\/solitex.cz\/index.php\/wp-json\/wp\/v2\/pages\/355"}],"collection":[{"href":"https:\/\/solitex.cz\/index.php\/wp-json\/wp\/v2\/pages"}],"about":[{"href":"https:\/\/solitex.cz\/index.php\/wp-json\/wp\/v2\/types\/page"}],"author":[{"embeddable":true,"href":"https:\/\/solitex.cz\/index.php\/wp-json\/wp\/v2\/users\/1"}],"replies":[{"embeddable":true,"href":"https:\/\/solitex.cz\/index.php\/wp-json\/wp\/v2\/comments?post=355"}],"version-history":[{"count":18,"href":"https:\/\/solitex.cz\/index.php\/wp-json\/wp\/v2\/pages\/355\/revisions"}],"predecessor-version":[{"id":492,"href":"https:\/\/solitex.cz\/index.php\/wp-json\/wp\/v2\/pages\/355\/revisions\/492"}],"wp:attachment":[{"href":"https:\/\/solitex.cz\/index.php\/wp-json\/wp\/v2\/media?parent=355"}],"curies":[{"name":"wp","href":"https:\/\/api.w.org\/{rel}","templated":true}]}}