{"id":381,"date":"2021-12-01T20:21:29","date_gmt":"2021-12-01T19:21:29","guid":{"rendered":"https:\/\/solitex.cz\/?page_id=381"},"modified":"2023-04-15T09:26:22","modified_gmt":"2023-04-15T07:26:22","slug":"sluzby-a-reseni","status":"publish","type":"page","link":"https:\/\/solitex.cz\/index.php\/sluzby-a-reseni\/","title":{"rendered":"Slu\u017eby a \u0159e\u0161en\u00ed"},"content":{"rendered":"\n<div class=\"wp-block-cover alignfull\" style=\"min-height:1071px\"><span aria-hidden=\"true\" class=\"wp-block-cover__background has-neve-link-color-background-color has-background-dim-70 has-background-dim\"><\/span><img decoding=\"async\" loading=\"lazy\" width=\"5834\" height=\"3000\" class=\"wp-block-cover__image-background wp-image-382\" alt=\"\" src=\"https:\/\/solitex.cz\/wp-content\/uploads\/2021\/12\/Vector_2677_m.jpg\" style=\"object-position:50% 56%\" data-object-fit=\"cover\" data-object-position=\"50% 56%\"\/><div class=\"wp-block-cover__inner-container\">\n<div style=\"height:100px\" aria-hidden=\"true\" class=\"wp-block-spacer\"><\/div>\n\n\n\n<h2 class=\"has-text-align-center has-nv-site-bg-color has-text-color\">Slu\u017eby a \u0159e\u0161en\u00ed<\/h2>\n\n\n\n<div class=\"is-horizontal is-content-justification-center is-layout-flex wp-container-1 wp-block-buttons\">\n<div class=\"wp-block-button is-style-primary radius-3\"><a class=\"wp-block-button__link has-nv-site-bg-color has-text-color wp-element-button\" href=\"https:\/\/solitex.cz\/index.php\/contact\/\">kONTAKTUJTE N\u00c1S<\/a><\/div>\n<\/div>\n\n\n\n<div style=\"height:83px\" aria-hidden=\"true\" class=\"wp-block-spacer\"><\/div>\n\n\n\n<div class=\"is-layout-flex wp-container-7 wp-block-columns\">\n<div class=\"is-layout-flow wp-block-column\"><div class=\"wp-block-image\">\n<figure class=\"aligncenter size-full is-resized\"><img decoding=\"async\" loading=\"lazy\" src=\"https:\/\/solitex.cz\/wp-content\/uploads\/2021\/07\/16609535321558965383-512.png\" alt=\"\" class=\"wp-image-60\" width=\"64\" height=\"64\"\/><\/figure><\/div>\n\n\n<p class=\"has-text-align-center has-nv-site-bg-color has-text-color\"><strong>KOMPLEXN\u00cd SPR\u00c1VA IT<\/strong><\/p>\n\n\n\n<p><\/p>\n\n\n\n<p class=\"has-text-align-center has-nv-site-bg-color has-text-color\"><a style=\"color: white;\" href=\"https:\/\/solitex.cz\/index.php\/sluzby-a-reseni\/\" data-type=\"page\" data-id=\"381\">Nep\u0159etr\u017eit\u00e1 kontrola IT<\/a><\/p>\n\n\n\n<p class=\"has-text-align-center has-nv-site-bg-color has-text-color\"><a style=\"color: white;\" href=\"https:\/\/solitex.cz\/index.php\/sluzby-a-reseni\/\" data-type=\"page\" data-id=\"381\">Tiskov\u00e9 \u0159e\u0161en\u00ed<\/a><\/p>\n\n\n\n<p class=\"has-text-align-center\"> <a style=\"color: white;\" href=\"https:\/\/solitex.cz\/index.php\/sluzby-a-reseni\/\" data-type=\"page\" data-id=\"381\">Z\u00e1lohov\u00e1n\u00ed dat<\/a> <\/p>\n\n\n\n<p class=\"has-text-align-center\"> <a style=\"color: white;\" href=\"https:\/\/solitex.cz\/index.php\/sluzby-a-reseni\/\" data-type=\"page\" data-id=\"381\">Zabezpe\u010den\u00ed s\u00edt\u011b<\/a> <\/p>\n\n\n\n<p><\/p>\n<\/div>\n\n\n\n<div class=\"is-layout-flow wp-block-column\"><div class=\"wp-block-image\">\n<figure class=\"aligncenter size-full is-resized\"><img decoding=\"async\" loading=\"lazy\" src=\"https:\/\/solitex.cz\/wp-content\/uploads\/2021\/07\/11271910001558965383-512.png\" alt=\"\" class=\"wp-image-64\" width=\"64\" height=\"64\"\/><\/figure><\/div>\n\n\n<p class=\"has-text-align-center has-nv-site-bg-color has-text-color\"><strong>\u0158E\u0160EN\u00cd NA M\u00cdRU<\/strong><\/p>\n\n\n\n<p><\/p>\n\n\n\n<p class=\"has-text-align-center has-nv-site-bg-color has-text-color\"> <a style=\"color: white;\" href=\"https:\/\/solitex.cz\/index.php\/sluzby-a-reseni\/\" data-type=\"page\" data-id=\"381\">Posouzen\u00ed a n\u00e1vrh optimalizace<\/a><\/p>\n<\/div>\n\n\n\n<div class=\"is-layout-flow wp-block-column\"><div class=\"wp-block-image\">\n<figure class=\"aligncenter size-full is-resized\"><img decoding=\"async\" loading=\"lazy\" src=\"https:\/\/solitex.cz\/wp-content\/uploads\/2021\/07\/12422876571558965391-512.png\" alt=\"\" class=\"wp-image-63\" width=\"64\" height=\"64\"\/><\/figure><\/div>\n\n\n<p class=\"has-text-align-center has-nv-site-bg-color has-text-color\"><strong>CLOUDOV\u00c9 SLU\u017dBY<\/strong><\/p>\n\n\n\n<p><\/p>\n\n\n\n<p class=\"has-text-align-center\"><a style=\"color: white;\" href=\"https:\/\/solitex.cz\/index.php\/sluzby-a-reseni\/\" data-type=\"page\" data-id=\"381\">Z\u00e1lohov\u00e1n\u00ed dat<\/a><\/p>\n\n\n\n<p class=\"has-text-align-center has-nv-site-bg-color has-text-color\"><a href=\"https:\/\/solitex.cz\/index.php\/sluzby-a-reseni\/\" data-type=\"page\" data-id=\"381\"><\/a><a style=\"color: white;\" href=\"https:\/\/solitex.cz\/index.php\/sluzby-a-reseni\/\" data-type=\"page\" data-id=\"381\">Podnikov\u00e9 syst\u00e9my<\/a><\/p>\n\n\n\n<p class=\"has-text-align-center\"> <a style=\"color: white;\" href=\"https:\/\/solitex.cz\/index.php\/sluzby-a-reseni\/\" data-type=\"page\" data-id=\"381\">\u00da\u010detnictv\u00ed<\/a><\/p>\n\n\n\n<p class=\"has-text-align-center\"><a style=\"color: white;\" href=\"https:\/\/solitex.cz\/index.php\/sluzby-a-reseni\/\" data-type=\"page\" data-id=\"381\">Ochrana webu<\/a> <\/p>\n<\/div>\n\n\n\n<div class=\"is-layout-flow wp-block-column\"><div class=\"wp-block-image\">\n<figure class=\"aligncenter size-full is-resized\"><img decoding=\"async\" loading=\"lazy\" src=\"https:\/\/solitex.cz\/wp-content\/uploads\/2021\/12\/SimpleHero_sideimage_400x225_office365.png\" alt=\"\" class=\"wp-image-405\" width=\"100\" height=\"56\"\/><\/figure><\/div>\n\n\n<p class=\"has-text-align-center has-nv-site-bg-color has-text-color\"><strong>OFFICE 365<\/strong><\/p>\n\n\n\n<p><\/p>\n\n\n\n<p class=\"has-text-align-center has-nv-site-bg-color has-text-color\">Kompletn\u00ed \u0159e\u0161en\u00ed Office 365, pr\u00e1ci s daty, t\u00fdmovou komunikaci, elektronickou po\u0161tu, ale i podepisov\u00e1n\u00ed dokument\u016f on-line a dal\u0161\u00ed funkce tohoto \u0159e\u0161en\u00ed.<\/p>\n<\/div>\n\n\n\n<div class=\"is-layout-flow wp-block-column\"><div class=\"wp-block-image\">\n<figure class=\"aligncenter size-full is-resized\"><img decoding=\"async\" loading=\"lazy\" src=\"https:\/\/solitex.cz\/wp-content\/uploads\/2021\/07\/20273542721558965391-512.png\" alt=\"\" class=\"wp-image-58\" width=\"64\" height=\"64\"\/><\/figure><\/div>\n\n\n<p class=\"has-text-align-center has-nv-site-bg-color has-text-color\"><strong>ZABEZPE\u010cEN\u00cd<\/strong><\/p>\n\n\n\n<p><\/p>\n\n\n\n<p class=\"has-text-align-center has-nv-site-bg-color has-text-color\"> <a style=\"color: white;\" href=\"https:\/\/solitex.cz\/index.php\/sluzby-a-reseni\/\" data-type=\"page\" data-id=\"381\">Kamerov\u00e9 syst\u00e9my<\/a>  <\/p>\n\n\n\n<p class=\"has-text-align-center\"> <a style=\"color: white;\" href=\"https:\/\/solitex.cz\/index.php\/sluzby-a-reseni\/\" data-type=\"page\" data-id=\"381\">Alarmy<\/a> <\/p>\n\n\n\n<p class=\"has-text-align-center\"> <a style=\"color: white;\" href=\"https:\/\/solitex.cz\/index.php\/sluzby-a-reseni\/\" data-type=\"page\" data-id=\"381\">P\u0159\u00edstupov\u00e9 syst\u00e9my<\/a> <\/p>\n\n\n\n<p class=\"has-text-align-center\"> <a style=\"color: white;\" href=\"https:\/\/solitex.cz\/index.php\/sluzby-a-reseni\/\" data-type=\"page\" data-id=\"381\">Ovl\u00e1d\u00e1n\u00ed bran a dve\u0159\u00ed<\/a> <\/p>\n<\/div>\n<\/div>\n\n\n\n<div style=\"height:76px\" aria-hidden=\"true\" class=\"wp-block-spacer\"><\/div>\n<\/div><\/div>\n\n\n\n<div style=\"height:31px\" aria-hidden=\"true\" class=\"wp-block-spacer\"><\/div>\n\n\n\n<div class=\"wp-block-cover alignfull\"><span aria-hidden=\"true\" class=\"wp-block-cover__background has-nv-site-bg-background-color has-background-dim-100 has-background-dim\"><\/span><div class=\"wp-block-cover__inner-container\">\n<p class=\"has-text-align-center has-neve-link-color-color has-text-color has-large-font-size\"><strong> <strong>Komplexn\u00ed spr\u00e1va IT<\/strong> <\/strong><\/p>\n\n\n\n<p class=\"has-neve-link-color-color has-text-color\"><strong>U<strong>\u017e jste uva\u017eovali co se stane p\u0159i v\u00fdpadku IT?<\/strong> <\/strong>Kdyby jste v tuto chv\u00edli ztratili p\u0159\u00edstup k PC nebo notebooku? Jak byste dopadli po p\u00e1du va\u0161eho syst\u00e9mu? Nemus\u00edte m\u00edt vlastn\u00ed IT odd\u011blen\u00ed aby v\u0161echno \u201e\u0161lapalo\u201c tak jak m\u00e1. Dok\u00e1\u017eeme v\u00e1m zajistit pravidelnou a nep\u0159etr\u017eitou kontrolu stavu va\u0161ich za\u0159\u00edzen\u00ed, rychlou pomoc i spot\u0159ebn\u00ed materi\u00e1l. Vy se tak m\u016f\u017eete spolehnout, \u017ee je o v\u0161e postar\u00e1no a m\u00e1te na dosah ruky spolehliv\u00e9ho partnera pro \u0159e\u0161en\u00ed IT. <\/p>\n\n\n\n<div class=\"is-horizontal is-content-justification-center is-layout-flex wp-container-8 wp-block-buttons\">\n<div class=\"wp-block-button is-style-primary\"><a class=\"wp-block-button__link has-nv-site-bg-color has-text-color wp-element-button\" href=\"https:\/\/solitex.cz\/index.php\/contact\/\">kontaktujte n\u00e1s<\/a><\/div>\n<\/div>\n\n\n\n<div class=\"is-layout-flex wp-container-14 wp-block-columns\">\n<div class=\"is-layout-flow wp-block-column\" style=\"flex-basis:100%\">\n<div class=\"is-layout-flex wp-container-12 wp-block-columns\">\n<div class=\"is-layout-flow wp-block-column\" style=\"flex-basis:15%\"><div class=\"wp-block-image\">\n<figure class=\"wp-duotone-000000-var--nv-dark-bg-9 aligncenter size-full is-resized\"><img decoding=\"async\" loading=\"lazy\" src=\"https:\/\/solitex.cz\/wp-content\/uploads\/2021\/07\/16609535321558965383-512.png\" alt=\"\" class=\"wp-image-60\" width=\"64\" height=\"64\"\/><\/figure><\/div><\/div>\n\n\n\n<div class=\"is-layout-flow wp-block-column is-vertically-aligned-center\" style=\"flex-basis:85%\">\n<p class=\"has-neve-link-color-color has-text-color\">D\u00edky pokro\u010dil\u00e9 pravideln\u00e9 kontrole v\u0161ech za\u0159\u00edzen\u00ed, m\u016f\u017eeme minimalizovat v\u00fdpadky a p\u0159edch\u00e1zet ve v\u011bt\u0161in\u011b p\u0159\u00edpad\u016f v\u00fdpadk\u016fm, ne\u017e k nim dojde. <\/p>\n<\/div>\n<\/div>\n\n\n\n<p><\/p>\n<\/div>\n<\/div>\n<\/div><\/div>\n\n\n\n<div class=\"wp-block-cover alignfull\"><span aria-hidden=\"true\" class=\"wp-block-cover__background has-neve-link-hover-color-background-color has-background-dim-100 has-background-dim\"><\/span><div class=\"wp-block-cover__inner-container\">\n<div style=\"height:10px\" aria-hidden=\"true\" class=\"wp-block-spacer\"><\/div>\n\n\n\n<div style=\"height:50px\" aria-hidden=\"true\" class=\"wp-block-spacer\"><\/div>\n\n\n\n<p class=\"has-text-align-center has-nv-site-bg-color has-text-color has-large-font-size\"><strong>Kamerov\u00e9 a p\u0159\u00edstupov\u00e9 syst\u00e9my<\/strong><\/p>\n\n\n\n<p class=\"has-nv-site-bg-color has-text-color\"><strong>Jste si jist\u00ed, \u017ee se pr\u00e1v\u011b ve va\u0161em objektu ned\u011bje n\u011bco, co byste neradi?<\/strong>  M\u00e1me \u0159e\u0161en\u00ed kamerov\u00e9ho dohledu va\u0161eho domova, firmy nebo zbo\u017e\u00ed. Samoz\u0159ejmost\u00ed je p\u0159\u00edstup z mobiln\u00edho telefonu. Zajist\u00edme n\u00e1vrh a konfiguraci celosv\u011btov\u011b nejspolehliv\u011bj\u0161\u00edho p\u0159\u00edstupov\u00e9ho, nebo zabezpe\u010dovac\u00edho syst\u00e9mu. <\/p>\n\n\n\n<div class=\"is-horizontal is-content-justification-center is-layout-flex wp-container-15 wp-block-buttons\">\n<div class=\"wp-block-button is-style-primary\"><a class=\"wp-block-button__link has-neve-link-color-color has-nv-site-bg-background-color has-text-color has-background wp-element-button\" href=\"https:\/\/solitex.cz\/index.php\/contact\/\">Kontaktujte n\u00e1s<\/a><\/div>\n<\/div>\n\n\n\n<div class=\"is-layout-flex wp-container-20 wp-block-columns\">\n<div class=\"is-layout-flow wp-block-column\" style=\"flex-basis:100%\">\n<div class=\"is-layout-flex wp-container-18 wp-block-columns\">\n<div class=\"is-layout-flow wp-block-column\" style=\"flex-basis:15%\"><div class=\"wp-block-image\">\n<figure class=\"aligncenter size-full is-resized\"><img decoding=\"async\" loading=\"lazy\" src=\"https:\/\/solitex.cz\/wp-content\/uploads\/2021\/07\/20273542721558965391-512.png\" alt=\"\" class=\"wp-image-58\" width=\"64\" height=\"64\"\/><\/figure><\/div><\/div>\n\n\n\n<div class=\"is-layout-flow wp-block-column is-vertically-aligned-center\" style=\"flex-basis:85%\">\n<p class=\"has-nv-site-bg-color has-text-color\">R\u00e1di si vyslechneme va\u0161e pot\u0159eby a navhrneme nejlep\u0161\u00ed kombinaci produkt\u016f v ide\u00e1ln\u00ed \u0159e\u0161en\u00ed, kter\u00e9 bude vyhovovat va\u0161im pot\u0159eb\u00e1m a po\u017eadavk\u016fm na obsluhu i nastaven\u00ed.<\/p>\n<\/div>\n<\/div>\n<\/div>\n<\/div>\n<\/div><\/div>\n\n\n\n<div class=\"wp-block-cover alignfull\"><span aria-hidden=\"true\" class=\"wp-block-cover__background has-nv-site-bg-background-color has-background-dim-100 has-background-dim\"><\/span><div class=\"wp-block-cover__inner-container\">\n<div style=\"height:50px\" aria-hidden=\"true\" class=\"wp-block-spacer\"><\/div>\n\n\n\n<p class=\"has-text-align-center has-neve-link-color-color has-text-color has-large-font-size\"><strong> <strong>Tiskov\u00e9 \u0159e\u0161en\u00ed<\/strong> <\/strong><\/p>\n\n\n\n<p class=\"has-neve-link-color-color has-text-color\"><strong>Jste si jist\u00ed, \u017ee m\u00e1te spr\u00e1vn\u00e9 tiskov\u00e9 \u0159e\u0161en\u00ed<strong>?<\/strong> <\/strong>Plat\u00edte opravdu m\u00e1lo a nem\u00e1te d\u016fvod nic m\u011bnit? Zavon\u00ed tisk\u00e1rna p\u0159i ka\u017ed\u00e9m tisku? Ob\u010das se to trochu u\u0161pin\u00ed a ka\u017ed\u00fd p\u00e1t\u00fd toner je vadn\u00fd? <strong>Ne, nen\u00ed to norm\u00e1ln\u00ed.<\/strong> V\u00edte kolik v\u00e1s tisk stoj\u00ed doopravdy? R\u00e1di v\u00e1s nav\u0161t\u00edv\u00edme a uk\u00e1\u017eeme v\u00e1m co znamen\u00e1 kvalitn\u00ed a levn\u00fd tisk a jak koresponduje s va\u0161\u00edm aktu\u00e1ln\u00edm \u0159e\u0161en\u00edm. <\/p>\n\n\n\n<div class=\"is-horizontal is-content-justification-center is-layout-flex wp-container-21 wp-block-buttons\">\n<div class=\"wp-block-button is-style-primary\"><a class=\"wp-block-button__link has-nv-site-bg-color has-text-color wp-element-button\" href=\"https:\/\/solitex.cz\/index.php\/contact\/\">kontaktujte n\u00e1s<\/a><\/div>\n<\/div>\n\n\n\n<div class=\"is-layout-flex wp-container-27 wp-block-columns\">\n<div class=\"is-layout-flow wp-block-column\" style=\"flex-basis:100%\">\n<div class=\"is-layout-flex wp-container-25 wp-block-columns\">\n<div class=\"is-layout-flow wp-block-column\" style=\"flex-basis:15%\"><div class=\"wp-block-image\">\n<figure class=\"wp-duotone-000000-var--nv-dark-bg-22 aligncenter size-full is-resized\"><img decoding=\"async\" loading=\"lazy\" src=\"https:\/\/solitex.cz\/wp-content\/uploads\/2021\/12\/R.png\" alt=\"\" class=\"wp-image-437\" width=\"64\" height=\"64\"\/><\/figure><\/div><\/div>\n\n\n\n<div class=\"is-layout-flow wp-block-column is-vertically-aligned-center\" style=\"flex-basis:85%\">\n<p class=\"has-neve-link-color-color has-text-color\">D\u00edky zku\u0161enostem a pokro\u010dil\u00e9 technologii tisku nab\u00edz\u00edme tiskov\u00e1 \u0159e\u0161en\u00ed, kter\u00e1 jsou pro v\u00e1s nejlep\u0161\u00ed a r\u00e1di v\u00e1m to p\u0159edvedeme p\u0159\u00edmo u v\u00e1s.<\/p>\n<\/div>\n<\/div>\n<\/div>\n<\/div>\n<\/div><\/div>\n","protected":false},"excerpt":{"rendered":"","protected":false},"author":1,"featured_media":0,"parent":0,"menu_order":0,"comment_status":"closed","ping_status":"closed","template":"","meta":{"neve_meta_sidebar":"","neve_meta_container":"","neve_meta_enable_content_width":"on","neve_meta_content_width":100,"neve_meta_title_alignment":"","neve_meta_author_avatar":"","neve_post_elements_order":"","neve_meta_disable_header":"","neve_meta_disable_footer":"","neve_meta_disable_title":"on"},"_links":{"self":[{"href":"https:\/\/solitex.cz\/index.php\/wp-json\/wp\/v2\/pages\/381"}],"collection":[{"href":"https:\/\/solitex.cz\/index.php\/wp-json\/wp\/v2\/pages"}],"about":[{"href":"https:\/\/solitex.cz\/index.php\/wp-json\/wp\/v2\/types\/page"}],"author":[{"embeddable":true,"href":"https:\/\/solitex.cz\/index.php\/wp-json\/wp\/v2\/users\/1"}],"replies":[{"embeddable":true,"href":"https:\/\/solitex.cz\/index.php\/wp-json\/wp\/v2\/comments?post=381"}],"version-history":[{"count":60,"href":"https:\/\/solitex.cz\/index.php\/wp-json\/wp\/v2\/pages\/381\/revisions"}],"predecessor-version":[{"id":603,"href":"https:\/\/solitex.cz\/index.php\/wp-json\/wp\/v2\/pages\/381\/revisions\/603"}],"wp:attachment":[{"href":"https:\/\/solitex.cz\/index.php\/wp-json\/wp\/v2\/media?parent=381"}],"curies":[{"name":"wp","href":"https:\/\/api.w.org\/{rel}","templated":true}]}}