{"id":557,"date":"2022-01-03T00:34:45","date_gmt":"2022-01-02T23:34:45","guid":{"rendered":"https:\/\/solitex.cz\/?page_id=557"},"modified":"2022-11-19T10:02:00","modified_gmt":"2022-11-19T09:02:00","slug":"systemy-a-nastroje","status":"publish","type":"page","link":"https:\/\/solitex.cz\/index.php\/systemy-a-nastroje\/","title":{"rendered":"Software"},"content":{"rendered":"\n<div class=\"wp-block-cover alignfull\" style=\"min-height:1071px\"><span aria-hidden=\"true\" class=\"wp-block-cover__background has-neve-link-color-background-color has-background-dim-70 has-background-dim\"><\/span><img decoding=\"async\" loading=\"lazy\" width=\"1659\" height=\"933\" class=\"wp-block-cover__image-background wp-image-496\" alt=\"\" src=\"https:\/\/solitex.cz\/wp-content\/uploads\/2021\/12\/20170618_162143.jpg\" style=\"object-position:50% 56%\" data-object-fit=\"cover\" data-object-position=\"50% 56%\"\/><div class=\"wp-block-cover__inner-container\">\n<div style=\"height:100px\" aria-hidden=\"true\" class=\"wp-block-spacer\"><\/div>\n\n\n\n<h2 class=\"has-text-align-center has-nv-site-bg-color has-text-color\">Pot\u0159ebujete upravit n\u011bkter\u00fd z na\u0161ich program\u016f na m\u00edru nebo vytvo\u0159it zcela nov\u00fd?<\/h2>\n\n\n\n<div class=\"is-horizontal is-content-justification-center is-layout-flex wp-container-1 wp-block-buttons\">\n<div class=\"wp-block-button is-style-primary radius-3\"><a class=\"wp-block-button__link has-nv-site-bg-color has-text-color wp-element-button\" href=\"https:\/\/solitex.cz\/index.php\/contact\/\">kONTAKTUJTE N\u00c1S<\/a><\/div>\n<\/div>\n\n\n\n<div style=\"height:83px\" aria-hidden=\"true\" class=\"wp-block-spacer\"><\/div>\n\n\n\n<div class=\"is-layout-flex wp-container-6 wp-block-columns\">\n<div class=\"is-layout-flow wp-block-column\"><div class=\"wp-block-image\">\n<figure class=\"aligncenter size-full is-resized\"><img decoding=\"async\" src=\"https:\/\/solitex.cz\/wp-content\/uploads\/2022\/01\/module-2.png\" alt=\"\" class=\"wp-image-563\" width=\"64\"\/><\/figure><\/div>\n\n\n<p class=\"has-text-align-center has-nv-site-bg-color has-text-color\"><strong>S.ONE<\/strong><\/p>\n\n\n\n<p><\/p>\n\n\n\n<p class=\"has-text-align-center has-nv-site-bg-color has-text-color\">Modul\u00e1rn\u00ed syst\u00e9m umo\u017e\u0148uj\u00edc\u00ed snadnou pr\u00e1ci s daty, ka\u017ed\u00e9mu se zcela p\u0159izp\u016fsob\u00ed a zvl\u00e1dneme to rychle. Byl stvo\u0159en pr\u00e1v\u011b k tomu.<\/p>\n\n\n\n<p><\/p>\n<\/div>\n\n\n\n<div class=\"is-layout-flow wp-block-column\"><div class=\"wp-block-image\">\n<figure class=\"aligncenter size-full is-resized\"><img decoding=\"async\" loading=\"lazy\" src=\"https:\/\/solitex.cz\/wp-content\/uploads\/2021\/07\/20273542721558965391-512.png\" alt=\"\" class=\"wp-image-58\" width=\"64\" height=\"60\"\/><\/figure><\/div>\n\n\n<p class=\"has-text-align-center has-nv-site-bg-color has-text-color\"><strong>S.ONE<\/strong> IDM<\/p>\n\n\n\n<p><\/p>\n\n\n\n<p class=\"has-text-align-center has-nv-site-bg-color has-text-color\"> Spr\u00e1va u\u017eivatelsk\u00fdch \u00fa\u010dt\u016f a v\u0161ech sou\u010d\u00e1st\u00ed jejich indentit nap\u0159\u00ed\u010d syst\u00e9my.<\/p>\n<\/div>\n\n\n\n<div class=\"is-layout-flow wp-block-column\"><div class=\"wp-block-image\">\n<figure class=\"aligncenter size-full is-resized\"><img decoding=\"async\" loading=\"lazy\" src=\"https:\/\/solitex.cz\/wp-content\/uploads\/2021\/07\/11271910001558965383-512.png\" alt=\"\" class=\"wp-image-64\" width=\"64\" height=\"64\"\/><\/figure><\/div>\n\n\n<p class=\"has-text-align-center has-nv-site-bg-color has-text-color\"><strong>S.ONE<\/strong> BRIDGE SERVICES<\/p>\n\n\n\n<p><\/p>\n\n\n\n<p class=\"has-text-align-center has-nv-site-bg-color has-text-color\"> Propojen\u00ed syst\u00e9m\u016f b\u00fdv\u00e1 o\u0159\u00ed\u0161ek, S.ONE je na to p\u0159ipraven d\u00edky modulu BRIDGE SERVICES. \u00da\u010detn\u00ed, hotelov\u00e9, telefonn\u00ed ale i zabezpe\u010dovac\u00ed syst\u00e9my, v\u0161e spoj\u00edme do spolupracuj\u00edc\u00edho celku. <\/p>\n<\/div>\n\n\n\n<div class=\"is-layout-flow wp-block-column\"><div class=\"wp-block-image\">\n<figure class=\"aligncenter size-full is-resized\"><img decoding=\"async\" loading=\"lazy\" src=\"https:\/\/solitex.cz\/wp-content\/uploads\/2021\/07\/11271910001558965383-512.png\" alt=\"\" class=\"wp-image-64\" width=\"64\" height=\"64\"\/><\/figure><\/div>\n\n\n<p class=\"has-text-align-center has-nv-site-bg-color has-text-color\"><strong>\u0158E\u0160EN\u00cd NA M\u00cdRU<\/strong><\/p>\n\n\n\n<p><\/p>\n\n\n\n<p class=\"has-text-align-center has-nv-site-bg-color has-text-color\"> R\u00e1di pro sv\u00e9 z\u00e1kazn\u00edky navrhneme zcela nov\u00fd syst\u00e9m na m\u00edru jejich pot\u0159eb\u00e1m nebo p\u0159izp\u016fsob\u00edme st\u00e1vaj\u00edc\u00ed modul\u00e1rn\u00ed \u0159e\u0161en\u00ed.<\/p>\n<\/div>\n<\/div>\n\n\n\n<div style=\"height:76px\" aria-hidden=\"true\" class=\"wp-block-spacer\"><\/div>\n<\/div><\/div>\n\n\n\n<p><\/p>\n","protected":false},"excerpt":{"rendered":"","protected":false},"author":1,"featured_media":0,"parent":0,"menu_order":0,"comment_status":"closed","ping_status":"closed","template":"","meta":{"neve_meta_sidebar":"","neve_meta_container":"","neve_meta_enable_content_width":"on","neve_meta_content_width":100,"neve_meta_title_alignment":"","neve_meta_author_avatar":"","neve_post_elements_order":"","neve_meta_disable_header":"","neve_meta_disable_footer":"","neve_meta_disable_title":"on"},"_links":{"self":[{"href":"https:\/\/solitex.cz\/index.php\/wp-json\/wp\/v2\/pages\/557"}],"collection":[{"href":"https:\/\/solitex.cz\/index.php\/wp-json\/wp\/v2\/pages"}],"about":[{"href":"https:\/\/solitex.cz\/index.php\/wp-json\/wp\/v2\/types\/page"}],"author":[{"embeddable":true,"href":"https:\/\/solitex.cz\/index.php\/wp-json\/wp\/v2\/users\/1"}],"replies":[{"embeddable":true,"href":"https:\/\/solitex.cz\/index.php\/wp-json\/wp\/v2\/comments?post=557"}],"version-history":[{"count":15,"href":"https:\/\/solitex.cz\/index.php\/wp-json\/wp\/v2\/pages\/557\/revisions"}],"predecessor-version":[{"id":616,"href":"https:\/\/solitex.cz\/index.php\/wp-json\/wp\/v2\/pages\/557\/revisions\/616"}],"wp:attachment":[{"href":"https:\/\/solitex.cz\/index.php\/wp-json\/wp\/v2\/media?parent=557"}],"curies":[{"name":"wp","href":"https:\/\/api.w.org\/{rel}","templated":true}]}}